{"id":2,"date":"2025-01-07T09:37:08","date_gmt":"2025-01-07T09:37:08","guid":{"rendered":"https:\/\/elite-home.si\/?page_id=2"},"modified":"2025-01-26T22:12:07","modified_gmt":"2025-01-26T21:12:07","slug":"sample-page","status":"publish","type":"page","link":"https:\/\/elite-home.si\/sl\/","title":{"rendered":"Domov"},"content":{"rendered":"\t\t<div data-elementor-type=\"wp-page\" data-elementor-id=\"2\" class=\"elementor elementor-2\" data-elementor-post-type=\"page\">\n\t\t\t\t<div class=\"elementor-element elementor-element-44fea8a e-flex e-con-boxed e-con e-parent\" data-id=\"44fea8a\" data-element_type=\"container\" data-settings=\"{&quot;background_background&quot;:&quot;gradient&quot;}\">\n\t\t\t\t\t<div class=\"e-con-inner\">\n\t\t\t\t<div class=\"elementor-element elementor-element-149cf48 elementor-widget elementor-widget-heading\" data-id=\"149cf48\" data-element_type=\"widget\" data-widget_type=\"heading.default\">\n\t\t\t\t<div class=\"elementor-widget-container\">\n\t\t\t\t\t<div class=\"elementor-heading-title elementor-size-default\"><a href=\"mailto:info@elite-home.si\">info@elite-home.si<\/a><\/div>\t\t\t\t<\/div>\n\t\t\t\t<\/div>\n\t\t\t\t<div class=\"elementor-element elementor-element-c42c2be elementor-widget elementor-widget-heading\" data-id=\"c42c2be\" data-element_type=\"widget\" data-widget_type=\"heading.default\">\n\t\t\t\t<div class=\"elementor-widget-container\">\n\t\t\t\t\t<h2 class=\"elementor-heading-title elementor-size-default\">Video<\/h2>\t\t\t\t<\/div>\n\t\t\t\t<\/div>\n\t\t\t\t<div class=\"elementor-element elementor-element-8a09734 elementor-widget elementor-widget-video\" data-id=\"8a09734\" data-element_type=\"widget\" data-settings=\"{&quot;youtube_url&quot;:&quot;https:\\\/\\\/www.youtube.com\\\/watch?v=yYj6AgLpguE&quot;,&quot;show_image_overlay&quot;:&quot;yes&quot;,&quot;image_overlay&quot;:{&quot;url&quot;:&quot;https:\\\/\\\/elite-home.si\\\/wp-content\\\/uploads\\\/2025\\\/01\\\/video-thumb-1.jpg&quot;,&quot;id&quot;:1041,&quot;size&quot;:&quot;&quot;,&quot;alt&quot;:&quot;&quot;,&quot;source&quot;:&quot;library&quot;},&quot;video_type&quot;:&quot;youtube&quot;,&quot;controls&quot;:&quot;yes&quot;}\" data-widget_type=\"video.default\">\n\t\t\t\t<div class=\"elementor-widget-container\">\n\t\t\t\t\t\t\t<div class=\"elementor-wrapper elementor-open-inline\">\n\t\t\t<div class=\"elementor-video\"><\/div>\t\t\t\t<div class=\"elementor-custom-embed-image-overlay\" style=\"background-image: url(https:\/\/elite-home.si\/wp-content\/uploads\/2025\/01\/video-thumb-1.jpg);\">\n\t\t\t\t\t\t\t\t\t\t\t\t\t\t\t\t<div class=\"elementor-custom-embed-play\" role=\"button\" aria-label=\"Play Video\" tabindex=\"0\">\n\t\t\t\t\t\t\t<svg aria-hidden=\"true\" class=\"e-font-icon-svg e-eicon-play\" viewBox=\"0 0 1000 1000\" xmlns=\"http:\/\/www.w3.org\/2000\/svg\"><path d=\"M838 162C746 71 633 25 500 25 371 25 258 71 163 162 71 254 25 367 25 500 25 633 71 746 163 837 254 929 367 979 500 979 633 979 746 933 838 837 929 746 975 633 975 500 975 367 929 254 838 162M808 192C892 279 933 379 933 500 933 621 892 725 808 808 725 892 621 938 500 938 379 938 279 896 196 808 113 725 67 621 67 500 67 379 108 279 196 192 279 108 383 62 500 62 621 62 721 108 808 192M438 392V642L642 517 438 392Z\"><\/path><\/svg>\t\t\t\t\t\t<\/div>\n\t\t\t\t\t\t\t\t\t<\/div>\n\t\t\t\t\t<\/div>\n\t\t\t\t\t\t<\/div>\n\t\t\t\t<\/div>\n\t\t\t\t<div class=\"elementor-element elementor-element-2e29c00 elementor-widget elementor-widget-heading\" data-id=\"2e29c00\" data-element_type=\"widget\" data-widget_type=\"heading.default\">\n\t\t\t\t<div class=\"elementor-widget-container\">\n\t\t\t\t\t<h2 class=\"elementor-heading-title elementor-size-default\">Katalog<\/h2>\t\t\t\t<\/div>\n\t\t\t\t<\/div>\n\t\t\t\t<div class=\"elementor-element elementor-element-33451ba elementor-widget elementor-widget-image\" data-id=\"33451ba\" data-element_type=\"widget\" data-widget_type=\"image.default\">\n\t\t\t\t<div class=\"elementor-widget-container\">\n\t\t\t\t\t\t\t\t\t\t\t\t\t\t\t<img fetchpriority=\"high\" decoding=\"async\" width=\"1756\" height=\"2478\" src=\"https:\/\/elite-home.si\/wp-content\/uploads\/2025\/01\/Screenshot-2024-09-18-at-14.48.29-1.jpg\" class=\"attachment-full size-full wp-image-1053\" alt=\"\" srcset=\"https:\/\/elite-home.si\/wp-content\/uploads\/2025\/01\/Screenshot-2024-09-18-at-14.48.29-1.jpg 1756w, https:\/\/elite-home.si\/wp-content\/uploads\/2025\/01\/Screenshot-2024-09-18-at-14.48.29-1-213x300.jpg 213w, https:\/\/elite-home.si\/wp-content\/uploads\/2025\/01\/Screenshot-2024-09-18-at-14.48.29-1-726x1024.jpg 726w, https:\/\/elite-home.si\/wp-content\/uploads\/2025\/01\/Screenshot-2024-09-18-at-14.48.29-1-768x1084.jpg 768w, https:\/\/elite-home.si\/wp-content\/uploads\/2025\/01\/Screenshot-2024-09-18-at-14.48.29-1-1088x1536.jpg 1088w, https:\/\/elite-home.si\/wp-content\/uploads\/2025\/01\/Screenshot-2024-09-18-at-14.48.29-1-1451x2048.jpg 1451w\" sizes=\"(max-width: 1756px) 100vw, 1756px\" \/>\t\t\t\t\t\t\t\t\t\t\t\t\t\t\t<\/div>\n\t\t\t\t<\/div>\n\t\t\t\t<div class=\"elementor-element elementor-element-8b9443f elementor-widget elementor-widget-image\" data-id=\"8b9443f\" data-element_type=\"widget\" data-widget_type=\"image.default\">\n\t\t\t\t<div class=\"elementor-widget-container\">\n\t\t\t\t\t\t\t\t\t\t\t\t\t\t\t<img decoding=\"async\" width=\"1654\" height=\"2339\" src=\"https:\/\/elite-home.si\/wp-content\/uploads\/2025\/01\/Elite-Home-letak-2-1.jpg\" class=\"attachment-full size-full wp-image-1055\" alt=\"\" srcset=\"https:\/\/elite-home.si\/wp-content\/uploads\/2025\/01\/Elite-Home-letak-2-1.jpg 1654w, https:\/\/elite-home.si\/wp-content\/uploads\/2025\/01\/Elite-Home-letak-2-1-212x300.jpg 212w, https:\/\/elite-home.si\/wp-content\/uploads\/2025\/01\/Elite-Home-letak-2-1-724x1024.jpg 724w, https:\/\/elite-home.si\/wp-content\/uploads\/2025\/01\/Elite-Home-letak-2-1-768x1086.jpg 768w, https:\/\/elite-home.si\/wp-content\/uploads\/2025\/01\/Elite-Home-letak-2-1-1086x1536.jpg 1086w, https:\/\/elite-home.si\/wp-content\/uploads\/2025\/01\/Elite-Home-letak-2-1-1448x2048.jpg 1448w\" sizes=\"(max-width: 1654px) 100vw, 1654px\" \/>\t\t\t\t\t\t\t\t\t\t\t\t\t\t\t<\/div>\n\t\t\t\t<\/div>\n\t\t\t\t<div class=\"elementor-element elementor-element-32da771 elementor-widget elementor-widget-image\" data-id=\"32da771\" data-element_type=\"widget\" data-widget_type=\"image.default\">\n\t\t\t\t<div class=\"elementor-widget-container\">\n\t\t\t\t\t\t\t\t\t\t\t\t\t\t\t<img decoding=\"async\" width=\"1654\" height=\"2339\" src=\"https:\/\/elite-home.si\/wp-content\/uploads\/2025\/01\/Elite-Home-letak-3.jpg\" class=\"attachment-full size-full wp-image-1057\" alt=\"\" srcset=\"https:\/\/elite-home.si\/wp-content\/uploads\/2025\/01\/Elite-Home-letak-3.jpg 1654w, https:\/\/elite-home.si\/wp-content\/uploads\/2025\/01\/Elite-Home-letak-3-212x300.jpg 212w, https:\/\/elite-home.si\/wp-content\/uploads\/2025\/01\/Elite-Home-letak-3-724x1024.jpg 724w, https:\/\/elite-home.si\/wp-content\/uploads\/2025\/01\/Elite-Home-letak-3-768x1086.jpg 768w, https:\/\/elite-home.si\/wp-content\/uploads\/2025\/01\/Elite-Home-letak-3-1086x1536.jpg 1086w, https:\/\/elite-home.si\/wp-content\/uploads\/2025\/01\/Elite-Home-letak-3-1448x2048.jpg 1448w\" sizes=\"(max-width: 1654px) 100vw, 1654px\" \/>\t\t\t\t\t\t\t\t\t\t\t\t\t\t\t<\/div>\n\t\t\t\t<\/div>\n\t\t\t\t<div class=\"elementor-element elementor-element-04fa4f7 elementor-widget elementor-widget-image\" data-id=\"04fa4f7\" data-element_type=\"widget\" data-widget_type=\"image.default\">\n\t\t\t\t<div class=\"elementor-widget-container\">\n\t\t\t\t\t\t\t\t\t\t\t\t\t\t\t<img loading=\"lazy\" decoding=\"async\" width=\"1786\" height=\"2526\" src=\"https:\/\/elite-home.si\/wp-content\/uploads\/2025\/01\/Elite-HOME-letak-4.png\" class=\"attachment-full size-full wp-image-1059\" alt=\"\" srcset=\"https:\/\/elite-home.si\/wp-content\/uploads\/2025\/01\/Elite-HOME-letak-4.png 1786w, https:\/\/elite-home.si\/wp-content\/uploads\/2025\/01\/Elite-HOME-letak-4-212x300.png 212w, https:\/\/elite-home.si\/wp-content\/uploads\/2025\/01\/Elite-HOME-letak-4-724x1024.png 724w, https:\/\/elite-home.si\/wp-content\/uploads\/2025\/01\/Elite-HOME-letak-4-768x1086.png 768w, https:\/\/elite-home.si\/wp-content\/uploads\/2025\/01\/Elite-HOME-letak-4-1086x1536.png 1086w, https:\/\/elite-home.si\/wp-content\/uploads\/2025\/01\/Elite-HOME-letak-4-1448x2048.png 1448w\" sizes=\"(max-width: 1786px) 100vw, 1786px\" \/>\t\t\t\t\t\t\t\t\t\t\t\t\t\t\t<\/div>\n\t\t\t\t<\/div>\n\t\t\t\t<div class=\"elementor-element elementor-element-496ed7e elementor-widget elementor-widget-image\" data-id=\"496ed7e\" data-element_type=\"widget\" data-widget_type=\"image.default\">\n\t\t\t\t<div class=\"elementor-widget-container\">\n\t\t\t\t\t\t\t\t\t\t\t\t\t\t\t<img loading=\"lazy\" decoding=\"async\" width=\"870\" height=\"2048\" src=\"https:\/\/elite-home.si\/wp-content\/uploads\/2025\/01\/Elite-HOME-Roll-up-85x200-1-2048px.jpg\" class=\"attachment-full size-full wp-image-1127\" alt=\"\" srcset=\"https:\/\/elite-home.si\/wp-content\/uploads\/2025\/01\/Elite-HOME-Roll-up-85x200-1-2048px.jpg 870w, https:\/\/elite-home.si\/wp-content\/uploads\/2025\/01\/Elite-HOME-Roll-up-85x200-1-2048px-127x300.jpg 127w, https:\/\/elite-home.si\/wp-content\/uploads\/2025\/01\/Elite-HOME-Roll-up-85x200-1-2048px-435x1024.jpg 435w, https:\/\/elite-home.si\/wp-content\/uploads\/2025\/01\/Elite-HOME-Roll-up-85x200-1-2048px-768x1808.jpg 768w, https:\/\/elite-home.si\/wp-content\/uploads\/2025\/01\/Elite-HOME-Roll-up-85x200-1-2048px-653x1536.jpg 653w\" sizes=\"(max-width: 870px) 100vw, 870px\" \/>\t\t\t\t\t\t\t\t\t\t\t\t\t\t\t<\/div>\n\t\t\t\t<\/div>\n\t\t\t\t<div class=\"elementor-element elementor-element-b5ba2a7 elementor-widget elementor-widget-image\" data-id=\"b5ba2a7\" data-element_type=\"widget\" data-widget_type=\"image.default\">\n\t\t\t\t<div class=\"elementor-widget-container\">\n\t\t\t\t\t\t\t\t\t\t\t\t\t\t\t<img loading=\"lazy\" decoding=\"async\" width=\"870\" height=\"2048\" src=\"https:\/\/elite-home.si\/wp-content\/uploads\/2025\/01\/Elite-HOME-Roll-up-85x200-2-2048px.jpg\" class=\"attachment-full size-full wp-image-1129\" alt=\"\" srcset=\"https:\/\/elite-home.si\/wp-content\/uploads\/2025\/01\/Elite-HOME-Roll-up-85x200-2-2048px.jpg 870w, https:\/\/elite-home.si\/wp-content\/uploads\/2025\/01\/Elite-HOME-Roll-up-85x200-2-2048px-127x300.jpg 127w, https:\/\/elite-home.si\/wp-content\/uploads\/2025\/01\/Elite-HOME-Roll-up-85x200-2-2048px-435x1024.jpg 435w, https:\/\/elite-home.si\/wp-content\/uploads\/2025\/01\/Elite-HOME-Roll-up-85x200-2-2048px-768x1808.jpg 768w, https:\/\/elite-home.si\/wp-content\/uploads\/2025\/01\/Elite-HOME-Roll-up-85x200-2-2048px-653x1536.jpg 653w\" sizes=\"(max-width: 870px) 100vw, 870px\" \/>\t\t\t\t\t\t\t\t\t\t\t\t\t\t\t<\/div>\n\t\t\t\t<\/div>\n\t\t<div class=\"elementor-element elementor-element-f26acbc e-con-full e-flex e-con e-child\" data-id=\"f26acbc\" data-element_type=\"container\">\n\t\t\t\t<div class=\"elementor-element elementor-element-f45ce82 elementor-widget elementor-widget-image\" data-id=\"f45ce82\" data-element_type=\"widget\" data-widget_type=\"image.default\">\n\t\t\t\t<div class=\"elementor-widget-container\">\n\t\t\t\t\t\t\t\t\t\t\t\t\t\t\t<img loading=\"lazy\" decoding=\"async\" width=\"800\" height=\"185\" src=\"https:\/\/elite-home.si\/wp-content\/uploads\/2025\/01\/PASICA_6_IZBRANA-1-e1737625721171-1024x237.png\" class=\"attachment-large size-large wp-image-1067\" alt=\"\" srcset=\"https:\/\/elite-home.si\/wp-content\/uploads\/2025\/01\/PASICA_6_IZBRANA-1-e1737625721171-1024x237.png 1024w, https:\/\/elite-home.si\/wp-content\/uploads\/2025\/01\/PASICA_6_IZBRANA-1-e1737625721171-300x69.png 300w, https:\/\/elite-home.si\/wp-content\/uploads\/2025\/01\/PASICA_6_IZBRANA-1-e1737625721171-768x177.png 768w, https:\/\/elite-home.si\/wp-content\/uploads\/2025\/01\/PASICA_6_IZBRANA-1-e1737625721171.png 1363w\" sizes=\"(max-width: 800px) 100vw, 800px\" \/>\t\t\t\t\t\t\t\t\t\t\t\t\t\t\t<\/div>\n\t\t\t\t<\/div>\n\t\t<div class=\"elementor-element elementor-element-4a768b6 e-grid e-con-full e-con e-child\" data-id=\"4a768b6\" data-element_type=\"container\">\n\t\t\t\t<div class=\"elementor-element elementor-element-affe6a0 elementor-widget elementor-widget-image\" data-id=\"affe6a0\" data-element_type=\"widget\" data-widget_type=\"image.default\">\n\t\t\t\t<div class=\"elementor-widget-container\">\n\t\t\t\t\t\t\t\t\t\t\t\t\t\t\t<img loading=\"lazy\" decoding=\"async\" width=\"736\" height=\"708\" src=\"https:\/\/elite-home.si\/wp-content\/uploads\/2025\/01\/img-messe-graz-1.jpg\" class=\"attachment-large size-large wp-image-1070\" alt=\"\" srcset=\"https:\/\/elite-home.si\/wp-content\/uploads\/2025\/01\/img-messe-graz-1.jpg 736w, https:\/\/elite-home.si\/wp-content\/uploads\/2025\/01\/img-messe-graz-1-300x289.jpg 300w\" sizes=\"(max-width: 736px) 100vw, 736px\" \/>\t\t\t\t\t\t\t\t\t\t\t\t\t\t\t<\/div>\n\t\t\t\t<\/div>\n\t\t\t\t<div class=\"elementor-element elementor-element-8804688 elementor-widget elementor-widget-image\" data-id=\"8804688\" data-element_type=\"widget\" data-widget_type=\"image.default\">\n\t\t\t\t<div class=\"elementor-widget-container\">\n\t\t\t\t\t\t\t\t\t\t\t\t\t\t\t<img loading=\"lazy\" decoding=\"async\" width=\"736\" height=\"708\" src=\"https:\/\/elite-home.si\/wp-content\/uploads\/2025\/01\/img-messe-graz-2.jpg\" class=\"attachment-large size-large wp-image-1072\" alt=\"\" srcset=\"https:\/\/elite-home.si\/wp-content\/uploads\/2025\/01\/img-messe-graz-2.jpg 736w, https:\/\/elite-home.si\/wp-content\/uploads\/2025\/01\/img-messe-graz-2-300x289.jpg 300w\" sizes=\"(max-width: 736px) 100vw, 736px\" \/>\t\t\t\t\t\t\t\t\t\t\t\t\t\t\t<\/div>\n\t\t\t\t<\/div>\n\t\t\t\t<\/div>\n\t\t\t\t<\/div>\n\t\t\t\t<div class=\"elementor-element elementor-element-21256fc elementor-widget elementor-widget-heading\" data-id=\"21256fc\" data-element_type=\"widget\" data-widget_type=\"heading.default\">\n\t\t\t\t<div class=\"elementor-widget-container\">\n\t\t\t\t\t<div class=\"elementor-heading-title elementor-size-default\"><a href=\"mailto:info@elite-home.si\">info@elite-home.si<\/a><\/div>\t\t\t\t<\/div>\n\t\t\t\t<\/div>\n\t\t\t\t\t<\/div>\n\t\t\t\t<\/div>\n\t\t\t\t<\/div>\n\t\t","protected":false},"excerpt":{"rendered":"<p>info@elite-home.si Video Katalog info@elite-home.si<\/p>\n","protected":false},"author":1,"featured_media":1097,"parent":0,"menu_order":0,"comment_status":"closed","ping_status":"open","template":"","meta":{"inline_featured_image":false,"footnotes":""},"class_list":["post-2","page","type-page","status-publish","has-post-thumbnail","hentry"],"yoast_head":"<!-- This site is optimized with the Yoast SEO plugin v24.3 - https:\/\/yoast.com\/wordpress\/plugins\/seo\/ -->\n<title>Elite Home | pergolas&amp;more<\/title>\n<meta name=\"description\" content=\"Pri Elite Home verjamemo, da je lahko va\u0161 zunanji prostor nekaj posebnega. Z na\u0161imi pergolami, WPC letvicami in alu ograjami ustvarjamo ambiente, ki vas bodo navdu\u0161evali leta.\" \/>\n<meta name=\"robots\" content=\"noindex, follow, max-snippet:-1, max-image-preview:large, max-video-preview:-1\" \/>\n<meta property=\"og:locale\" content=\"sl_SI\" \/>\n<meta property=\"og:type\" content=\"article\" \/>\n<meta property=\"og:title\" content=\"Elite Home | pergolas&amp;more\" \/>\n<meta property=\"og:description\" content=\"Pri Elite Home verjamemo, da je lahko va\u0161 zunanji prostor nekaj posebnega. Z na\u0161imi pergolami, WPC letvicami in alu ograjami ustvarjamo ambiente, ki vas bodo navdu\u0161evali leta.\" \/>\n<meta property=\"og:url\" content=\"https:\/\/elite-home.si\/sl\/\" \/>\n<meta property=\"og:site_name\" content=\"Elite Home\" \/>\n<meta property=\"article:modified_time\" content=\"2025-01-26T21:12:07+00:00\" \/>\n<meta property=\"og:image\" content=\"https:\/\/elite-home.si\/wp-content\/uploads\/2025\/01\/banner-elite-home-1.png\" \/>\n\t<meta property=\"og:image:width\" content=\"1196\" \/>\n\t<meta property=\"og:image:height\" content=\"668\" \/>\n\t<meta property=\"og:image:type\" content=\"image\/png\" \/>\n<meta name=\"twitter:card\" content=\"summary_large_image\" \/>\n<meta name=\"twitter:label1\" content=\"Est. reading time\" \/>\n\t<meta name=\"twitter:data1\" content=\"2 minuti\" \/>\n<script type=\"application\/ld+json\" class=\"yoast-schema-graph\">{\"@context\":\"https:\/\/schema.org\",\"@graph\":[{\"@type\":\"WebPage\",\"@id\":\"https:\/\/elite-home.si\/sl\/\",\"url\":\"https:\/\/elite-home.si\/sl\/\",\"name\":\"Elite Home | pergolas&amp;more\",\"isPartOf\":{\"@id\":\"https:\/\/elite-home.si\/#website\"},\"primaryImageOfPage\":{\"@id\":\"https:\/\/elite-home.si\/sl\/#primaryimage\"},\"image\":{\"@id\":\"https:\/\/elite-home.si\/sl\/#primaryimage\"},\"thumbnailUrl\":\"https:\/\/elite-home.si\/wp-content\/uploads\/2025\/01\/banner-elite-home-1.png\",\"datePublished\":\"2025-01-07T09:37:08+00:00\",\"dateModified\":\"2025-01-26T21:12:07+00:00\",\"description\":\"Pri Elite Home verjamemo, da je lahko va\u0161 zunanji prostor nekaj posebnega. Z na\u0161imi pergolami, WPC letvicami in alu ograjami ustvarjamo ambiente, ki vas bodo navdu\u0161evali leta.\",\"breadcrumb\":{\"@id\":\"https:\/\/elite-home.si\/sl\/#breadcrumb\"},\"inLanguage\":\"sl-SI\",\"potentialAction\":[{\"@type\":\"ReadAction\",\"target\":[\"https:\/\/elite-home.si\/sl\/\"]}]},{\"@type\":\"ImageObject\",\"inLanguage\":\"sl-SI\",\"@id\":\"https:\/\/elite-home.si\/sl\/#primaryimage\",\"url\":\"https:\/\/elite-home.si\/wp-content\/uploads\/2025\/01\/banner-elite-home-1.png\",\"contentUrl\":\"https:\/\/elite-home.si\/wp-content\/uploads\/2025\/01\/banner-elite-home-1.png\",\"width\":1196,\"height\":668},{\"@type\":\"BreadcrumbList\",\"@id\":\"https:\/\/elite-home.si\/sl\/#breadcrumb\",\"itemListElement\":[{\"@type\":\"ListItem\",\"position\":1,\"name\":\"Home\",\"item\":\"https:\/\/elite-home.si\/sl\/\"},{\"@type\":\"ListItem\",\"position\":2,\"name\":\"Domov\"}]},{\"@type\":\"WebSite\",\"@id\":\"https:\/\/elite-home.si\/#website\",\"url\":\"https:\/\/elite-home.si\/\",\"name\":\"Elite Home\",\"description\":\"pergolas&amp;more\",\"publisher\":{\"@id\":\"https:\/\/elite-home.si\/#organization\"},\"potentialAction\":[{\"@type\":\"SearchAction\",\"target\":{\"@type\":\"EntryPoint\",\"urlTemplate\":\"https:\/\/elite-home.si\/?s={search_term_string}\"},\"query-input\":{\"@type\":\"PropertyValueSpecification\",\"valueRequired\":true,\"valueName\":\"search_term_string\"}}],\"inLanguage\":\"sl-SI\"},{\"@type\":\"Organization\",\"@id\":\"https:\/\/elite-home.si\/#organization\",\"name\":\"Elite Home\",\"url\":\"https:\/\/elite-home.si\/\",\"logo\":{\"@type\":\"ImageObject\",\"inLanguage\":\"sl-SI\",\"@id\":\"https:\/\/elite-home.si\/#\/schema\/logo\/image\/\",\"url\":\"https:\/\/elite-home.si\/wp-content\/uploads\/2025\/01\/logo-elite-home-pergolas-more.svg\",\"contentUrl\":\"https:\/\/elite-home.si\/wp-content\/uploads\/2025\/01\/logo-elite-home-pergolas-more.svg\",\"width\":166,\"height\":41,\"caption\":\"Elite Home\"},\"image\":{\"@id\":\"https:\/\/elite-home.si\/#\/schema\/logo\/image\/\"}}]}<\/script>\n<!-- \/ Yoast SEO plugin. -->","yoast_head_json":{"title":"Elite Home | pergolas&amp;more","description":"Pri Elite Home verjamemo, da je lahko va\u0161 zunanji prostor nekaj posebnega. Z na\u0161imi pergolami, WPC letvicami in alu ograjami ustvarjamo ambiente, ki vas bodo navdu\u0161evali leta.","robots":{"index":"noindex","follow":"follow","max-snippet":"max-snippet:-1","max-image-preview":"max-image-preview:large","max-video-preview":"max-video-preview:-1"},"og_locale":"sl_SI","og_type":"article","og_title":"Elite Home | pergolas&amp;more","og_description":"Pri Elite Home verjamemo, da je lahko va\u0161 zunanji prostor nekaj posebnega. Z na\u0161imi pergolami, WPC letvicami in alu ograjami ustvarjamo ambiente, ki vas bodo navdu\u0161evali leta.","og_url":"https:\/\/elite-home.si\/sl\/","og_site_name":"Elite Home","article_modified_time":"2025-01-26T21:12:07+00:00","og_image":[{"width":1196,"height":668,"url":"https:\/\/elite-home.si\/wp-content\/uploads\/2025\/01\/banner-elite-home-1.png","type":"image\/png"}],"twitter_card":"summary_large_image","twitter_misc":{"Est. reading time":"2 minuti"},"schema":{"@context":"https:\/\/schema.org","@graph":[{"@type":"WebPage","@id":"https:\/\/elite-home.si\/sl\/","url":"https:\/\/elite-home.si\/sl\/","name":"Elite Home | pergolas&amp;more","isPartOf":{"@id":"https:\/\/elite-home.si\/#website"},"primaryImageOfPage":{"@id":"https:\/\/elite-home.si\/sl\/#primaryimage"},"image":{"@id":"https:\/\/elite-home.si\/sl\/#primaryimage"},"thumbnailUrl":"https:\/\/elite-home.si\/wp-content\/uploads\/2025\/01\/banner-elite-home-1.png","datePublished":"2025-01-07T09:37:08+00:00","dateModified":"2025-01-26T21:12:07+00:00","description":"Pri Elite Home verjamemo, da je lahko va\u0161 zunanji prostor nekaj posebnega. Z na\u0161imi pergolami, WPC letvicami in alu ograjami ustvarjamo ambiente, ki vas bodo navdu\u0161evali leta.","breadcrumb":{"@id":"https:\/\/elite-home.si\/sl\/#breadcrumb"},"inLanguage":"sl-SI","potentialAction":[{"@type":"ReadAction","target":["https:\/\/elite-home.si\/sl\/"]}]},{"@type":"ImageObject","inLanguage":"sl-SI","@id":"https:\/\/elite-home.si\/sl\/#primaryimage","url":"https:\/\/elite-home.si\/wp-content\/uploads\/2025\/01\/banner-elite-home-1.png","contentUrl":"https:\/\/elite-home.si\/wp-content\/uploads\/2025\/01\/banner-elite-home-1.png","width":1196,"height":668},{"@type":"BreadcrumbList","@id":"https:\/\/elite-home.si\/sl\/#breadcrumb","itemListElement":[{"@type":"ListItem","position":1,"name":"Home","item":"https:\/\/elite-home.si\/sl\/"},{"@type":"ListItem","position":2,"name":"Domov"}]},{"@type":"WebSite","@id":"https:\/\/elite-home.si\/#website","url":"https:\/\/elite-home.si\/","name":"Elite Home","description":"pergolas&amp;more","publisher":{"@id":"https:\/\/elite-home.si\/#organization"},"potentialAction":[{"@type":"SearchAction","target":{"@type":"EntryPoint","urlTemplate":"https:\/\/elite-home.si\/?s={search_term_string}"},"query-input":{"@type":"PropertyValueSpecification","valueRequired":true,"valueName":"search_term_string"}}],"inLanguage":"sl-SI"},{"@type":"Organization","@id":"https:\/\/elite-home.si\/#organization","name":"Elite Home","url":"https:\/\/elite-home.si\/","logo":{"@type":"ImageObject","inLanguage":"sl-SI","@id":"https:\/\/elite-home.si\/#\/schema\/logo\/image\/","url":"https:\/\/elite-home.si\/wp-content\/uploads\/2025\/01\/logo-elite-home-pergolas-more.svg","contentUrl":"https:\/\/elite-home.si\/wp-content\/uploads\/2025\/01\/logo-elite-home-pergolas-more.svg","width":166,"height":41,"caption":"Elite Home"},"image":{"@id":"https:\/\/elite-home.si\/#\/schema\/logo\/image\/"}}]}},"_links":{"self":[{"href":"https:\/\/elite-home.si\/sl\/wp-json\/wp\/v2\/pages\/2","targetHints":{"allow":["GET"]}}],"collection":[{"href":"https:\/\/elite-home.si\/sl\/wp-json\/wp\/v2\/pages"}],"about":[{"href":"https:\/\/elite-home.si\/sl\/wp-json\/wp\/v2\/types\/page"}],"author":[{"embeddable":true,"href":"https:\/\/elite-home.si\/sl\/wp-json\/wp\/v2\/users\/1"}],"replies":[{"embeddable":true,"href":"https:\/\/elite-home.si\/sl\/wp-json\/wp\/v2\/comments?post=2"}],"version-history":[{"count":66,"href":"https:\/\/elite-home.si\/sl\/wp-json\/wp\/v2\/pages\/2\/revisions"}],"predecessor-version":[{"id":1135,"href":"https:\/\/elite-home.si\/sl\/wp-json\/wp\/v2\/pages\/2\/revisions\/1135"}],"wp:featuredmedia":[{"embeddable":true,"href":"https:\/\/elite-home.si\/sl\/wp-json\/wp\/v2\/media\/1097"}],"wp:attachment":[{"href":"https:\/\/elite-home.si\/sl\/wp-json\/wp\/v2\/media?parent=2"}],"curies":[{"name":"wp","href":"https:\/\/api.w.org\/{rel}","templated":true}]}}